{"id":15,"date":"2021-10-14T12:12:43","date_gmt":"2021-10-14T12:12:43","guid":{"rendered":"https:\/\/startersites.io\/blocksy\/justice\/?page_id=15"},"modified":"2026-04-15T08:48:03","modified_gmt":"2026-04-15T08:48:03","slug":"contact","status":"publish","type":"page","link":"https:\/\/ankarabulbulyapi.com.tr\/index.php\/contact\/","title":{"rendered":"\u0130LET\u0130\u015e\u0130M"},"content":{"rendered":"\n<div class=\"wp-block-stackable-columns alignfull stk-block-columns stk-block stk-9bd8e30 stk-block-background stk--has-background-overlay\" data-block-id=\"9bd8e30\"><style>.stk-9bd8e30 {background-color:#0a0806 !important;background-image:url(https:\/\/ankarabulbulyapi.com.tr\/wp-content\/uploads\/2025\/06\/WhatsApp-Image-2025-06-05-at-22.59.02-scaled.jpeg) !important;padding-top:250px !important;padding-bottom:100px !important;margin-bottom:0px !important;}.stk-9bd8e30:before{background-color:#0a0806 !important;opacity:0.8 !important;}@media screen and (max-width:999px){.stk-9bd8e30 {padding-top:200px !important;padding-bottom:100px !important;}}<\/style><div class=\"stk-row stk-inner-blocks stk-block-content stk-content-align stk-9bd8e30-column\">\n<div class=\"wp-block-stackable-column stk-block-column stk-column stk-block stk-4856876\" data-v=\"4\" data-block-id=\"4856876\"><div class=\"stk-column-wrapper stk-block-column__content stk-container stk-4856876-container stk--no-background stk--no-padding\"><div class=\"stk-block-content stk-inner-blocks stk-4856876-inner-blocks\">\n<div class=\"wp-block-stackable-heading stk-block-heading stk-block-heading--v2 stk-block stk-7647687\" id=\"iletisim\" data-block-id=\"7647687\"><style>.stk-7647687 {margin-bottom:15px !important;}.stk-7647687 .stk-block-heading__text{font-size:76px !important;color:var(--theme-palette-color-8, #ffffff) !important;}@media screen and (max-width:999px){.stk-7647687 .stk-block-heading__text{font-size:50px !important;}}<\/style><h2 class=\"stk-block-heading__text has-text-color has-palette-color-8-color has-text-align-center stk-block-heading--use-theme-margins\">\u0130LET\u0130\u015e\u0130M<\/h2><\/div>\n\n\n\n<div class=\"wp-block-stackable-text stk-block-text stk-block stk-77cc27e\" data-block-id=\"77cc27e\"><style>.stk-77cc27e .stk-block-text__text{font-size:43px !important;color:var(--theme-palette-color-8, #ffffff) !important;}@media screen and (max-width:999px){.stk-77cc27e .stk-block-text__text{font-size:43px !important;}}<\/style><p class=\"stk-block-text__text has-text-color has-palette-color-8-color has-text-align-center\"><meta charset=\"utf-8\">Hemen bize ula\u015f\u0131n !<\/p><\/div>\n\n\n\n<div class=\"wp-block-stackable-spacer stk-block-spacer stk--no-padding stk-block stk-f640ea0\" data-block-id=\"f640ea0\"><style>.stk-f640ea0 {height:50px !important;}@media screen and (max-width:999px){.stk-f640ea0 {height:100px !important;}}@media screen and (max-width:689px){.stk-f640ea0 {height:70px !important;}}<\/style><\/div>\n\n\n\n<div class=\"wp-block-stackable-columns stk-block-columns stk-block stk-898e0b5\" data-block-id=\"898e0b5\"><div class=\"stk-row stk-inner-blocks stk-block-content stk-content-align stk-898e0b5-column\">\n<div class=\"wp-block-stackable-column stk-block-column stk-column stk-block stk-732f0eb\" data-v=\"4\" data-block-id=\"732f0eb\"><style>.stk-732f0eb-container{margin-top:0px !important;margin-right:0px !important;margin-bottom:0px !important;margin-left:0px !important;}@media screen and (max-width:689px){.stk-732f0eb {margin-bottom:50px !important;}}<\/style><div class=\"stk-column-wrapper stk-block-column__content stk-container stk-732f0eb-container stk--no-background stk--no-padding\"><div class=\"stk-block-content stk-inner-blocks stk-732f0eb-inner-blocks\">\n<div class=\"wp-block-stackable-icon stk-block-icon has-text-align-center stk-block stk-9a6507f\" data-block-id=\"9a6507f\"><style>.stk-9a6507f {margin-bottom:25px !important;}.stk-9a6507f .stk--svg-wrapper .stk--inner-svg svg:last-child{height:35px !important;width:35px !important;}.stk-9a6507f .stk--svg-wrapper .stk--inner-svg svg:last-child, .stk-9a6507f .stk--svg-wrapper .stk--inner-svg svg:last-child :is(g, path, rect, polygon, ellipse){fill:var(--theme-palette-color-1, #a0876e) !important;}<\/style><span class=\"stk--svg-wrapper\"><div class=\"stk--inner-svg\"><svg style=\"height:0;width:0\"><defs><linearGradient id=\"linear-gradient-9a6507f\" x1=\"0\" x2=\"100%\" y1=\"0\" y2=\"0\"><stop offset=\"0%\" style=\"stop-opacity:1;stop-color:var(--linear-gradient-9-a-6507-f-color-1)\"><\/stop><stop offset=\"100%\" style=\"stop-opacity:1;stop-color:var(--linear-gradient-9-a-6507-f-color-2)\"><\/stop><\/linearGradient><\/defs><\/svg><svg data-prefix=\"fas\" data-icon=\"map-marker-alt\" class=\"svg-inline--fa fa-map-marker-alt fa-w-12\" xmlns=\"http:\/\/www.w3.org\/2000\/svg\" viewBox=\"0 0 384 512\" aria-hidden=\"true\" width=\"32\" height=\"32\"><path fill=\"currentColor\" d=\"M172.268 501.67C26.97 291.031 0 269.413 0 192 0 85.961 85.961 0 192 0s192 85.961 192 192c0 77.413-26.97 99.031-172.268 309.67-9.535 13.774-29.93 13.773-39.464 0zM192 272c44.183 0 80-35.817 80-80s-35.817-80-80-80-80 35.817-80 80 35.817 80 80 80z\"><\/path><\/svg><\/div><\/span><\/div>\n\n\n\n<div class=\"wp-block-stackable-heading stk-block-heading stk-block-heading--v2 stk-block stk-3c26e78\" id=\"adres\" data-block-id=\"3c26e78\"><style>.stk-3c26e78 {margin-bottom:15px !important;}.stk-3c26e78 .stk-block-heading__text{color:var(--theme-palette-color-8, #ffffff) !important;}<\/style><h5 class=\"stk-block-heading__text has-text-color has-palette-color-8-color has-text-align-center\">Adres<\/h5><\/div>\n\n\n\n<div class=\"wp-block-stackable-text stk-block-text stk-block stk-464ae3e\" data-block-id=\"464ae3e\"><style>.stk-464ae3e {opacity:0.8 !important;}.stk-464ae3e .stk-block-text__text{color:var(--theme-palette-color-8, #ffffff) !important;}<\/style><p class=\"stk-block-text__text has-text-color has-palette-color-8-color has-text-align-center\">\u0130vedik Organize Sanayi 1470 Sok No :124 <strong>Yenimahalle \/Ankara<\/strong><\/p><\/div>\n<\/div><\/div><\/div>\n\n\n\n<div class=\"wp-block-stackable-column stk-block-column stk-column stk-block stk-9969245\" data-v=\"4\" data-block-id=\"9969245\"><style>.stk-9969245-container{margin-top:0px !important;margin-right:0px !important;margin-bottom:0px !important;margin-left:0px !important;}@media screen and (max-width:689px){.stk-9969245 {margin-bottom:50px !important;}}<\/style><div class=\"stk-column-wrapper stk-block-column__content stk-container stk-9969245-container stk--no-background stk--no-padding\"><div class=\"stk-block-content stk-inner-blocks stk-9969245-inner-blocks\">\n<div class=\"wp-block-stackable-icon stk-block-icon has-text-align-center stk-block stk-7ecb3de\" data-block-id=\"7ecb3de\"><style>.stk-7ecb3de {margin-bottom:25px !important;}.stk-7ecb3de .stk--svg-wrapper .stk--inner-svg svg:last-child{height:35px !important;width:35px !important;}.stk-7ecb3de .stk--svg-wrapper .stk--inner-svg svg:last-child, .stk-7ecb3de .stk--svg-wrapper .stk--inner-svg svg:last-child :is(g, path, rect, polygon, ellipse){fill:var(--theme-palette-color-1, #a0876e) !important;}<\/style><span class=\"stk--svg-wrapper\"><div class=\"stk--inner-svg\"><svg style=\"height:0;width:0\"><defs><linearGradient id=\"linear-gradient-7ecb3de\" x1=\"0\" x2=\"100%\" y1=\"0\" y2=\"0\"><stop offset=\"0%\" style=\"stop-opacity:1;stop-color:var(--linear-gradient-7-ecb-3-de-color-1)\"><\/stop><stop offset=\"100%\" style=\"stop-opacity:1;stop-color:var(--linear-gradient-7-ecb-3-de-color-2)\"><\/stop><\/linearGradient><\/defs><\/svg><svg data-prefix=\"fas\" data-icon=\"envelope\" class=\"svg-inline--fa fa-envelope fa-w-16\" xmlns=\"http:\/\/www.w3.org\/2000\/svg\" viewBox=\"0 0 512 512\" aria-hidden=\"true\" width=\"32\" height=\"32\"><path fill=\"currentColor\" d=\"M502.3 190.8c3.9-3.1 9.7-.2 9.7 4.7V400c0 26.5-21.5 48-48 48H48c-26.5 0-48-21.5-48-48V195.6c0-5 5.7-7.8 9.7-4.7 22.4 17.4 52.1 39.5 154.1 113.6 21.1 15.4 56.7 47.8 92.2 47.6 35.7.3 72-32.8 92.3-47.6 102-74.1 131.6-96.3 154-113.7zM256 320c23.2.4 56.6-29.2 73.4-41.4 132.7-96.3 142.8-104.7 173.4-128.7 5.8-4.5 9.2-11.5 9.2-18.9v-19c0-26.5-21.5-48-48-48H48C21.5 64 0 85.5 0 112v19c0 7.4 3.4 14.3 9.2 18.9 30.6 23.9 40.7 32.4 173.4 128.7 16.8 12.2 50.2 41.8 73.4 41.4z\"><\/path><\/svg><\/div><\/span><\/div>\n\n\n\n<div class=\"wp-block-stackable-heading stk-block-heading stk-block-heading--v2 stk-block stk-f002abe\" id=\"e-mail\" data-block-id=\"f002abe\"><style>.stk-f002abe {margin-bottom:15px !important;}.stk-f002abe .stk-block-heading__text{color:var(--theme-palette-color-8, #ffffff) !important;}<\/style><h5 class=\"stk-block-heading__text has-text-color has-palette-color-8-color has-text-align-center\">E-mail<\/h5><\/div>\n\n\n\n<div class=\"wp-block-stackable-text stk-block-text stk-block stk-0bf3f9b\" data-block-id=\"0bf3f9b\"><style>.stk-0bf3f9b {opacity:0.8 !important;}.stk-0bf3f9b .stk-block-text__text{color:var(--theme-palette-color-8, #ffffff) !important;}<\/style><p class=\"stk-block-text__text has-text-color has-palette-color-8-color has-text-align-center\">ahmetbulbul972@gmail.com<\/p><\/div>\n<\/div><\/div><\/div>\n\n\n\n<div class=\"wp-block-stackable-column stk-block-column stk-column stk-block stk-9afe5e6\" data-v=\"4\" data-block-id=\"9afe5e6\"><style>.stk-9afe5e6-container{margin-top:0px !important;margin-right:0px !important;margin-bottom:0px !important;margin-left:0px !important;}@media screen and (max-width:689px){.stk-9afe5e6 {margin-bottom:50px !important;}}<\/style><div class=\"stk-column-wrapper stk-block-column__content stk-container stk-9afe5e6-container stk--no-background stk--no-padding\"><div class=\"stk-block-content stk-inner-blocks stk-9afe5e6-inner-blocks\">\n<div class=\"wp-block-stackable-icon stk-block-icon has-text-align-center stk-block stk-d8edb20\" data-block-id=\"d8edb20\"><style>.stk-d8edb20 {margin-bottom:25px !important;}.stk-d8edb20 .stk--svg-wrapper .stk--inner-svg svg:last-child{height:35px !important;width:35px !important;}.stk-d8edb20 .stk--svg-wrapper .stk--inner-svg svg:last-child, .stk-d8edb20 .stk--svg-wrapper .stk--inner-svg svg:last-child :is(g, path, rect, polygon, ellipse){fill:var(--theme-palette-color-1, #a0876e) !important;}<\/style><span class=\"stk--svg-wrapper\"><div class=\"stk--inner-svg\"><svg style=\"height:0;width:0\"><defs><linearGradient id=\"linear-gradient-d8edb20\" x1=\"0\" x2=\"100%\" y1=\"0\" y2=\"0\"><stop offset=\"0%\" style=\"stop-opacity:1;stop-color:var(--linear-gradient-d-8-edb-20-color-1)\"><\/stop><stop offset=\"100%\" style=\"stop-opacity:1;stop-color:var(--linear-gradient-d-8-edb-20-color-2)\"><\/stop><\/linearGradient><\/defs><\/svg><svg data-prefix=\"fas\" data-icon=\"clock\" class=\"svg-inline--fa fa-clock fa-w-16\" xmlns=\"http:\/\/www.w3.org\/2000\/svg\" viewBox=\"0 0 512 512\" aria-hidden=\"true\" width=\"32\" height=\"32\"><path fill=\"currentColor\" d=\"M256,8C119,8,8,119,8,256S119,504,256,504,504,393,504,256,393,8,256,8Zm92.49,313h0l-20,25a16,16,0,0,1-22.49,2.5h0l-67-49.72a40,40,0,0,1-15-31.23V112a16,16,0,0,1,16-16h32a16,16,0,0,1,16,16V256l58,42.5A16,16,0,0,1,348.49,321Z\"><\/path><\/svg><\/div><\/span><\/div>\n\n\n\n<div class=\"wp-block-stackable-heading stk-block-heading stk-block-heading--v2 stk-block stk-e79393e\" id=\"calisma-saatleri\" data-block-id=\"e79393e\"><style>.stk-e79393e {margin-bottom:15px !important;}.stk-e79393e .stk-block-heading__text{color:var(--theme-palette-color-8, #ffffff) !important;}<\/style><h5 class=\"stk-block-heading__text has-text-color has-palette-color-8-color has-text-align-center\">\u00c7al\u0131\u015fma Saatleri<\/h5><\/div>\n\n\n\n<div class=\"wp-block-stackable-text stk-block-text stk-block stk-4250f7f\" data-block-id=\"4250f7f\"><style>.stk-4250f7f {opacity:0.8 !important;}.stk-4250f7f .stk-block-text__text{color:var(--theme-palette-color-8, #ffffff) !important;}<\/style><p class=\"stk-block-text__text has-text-color has-palette-color-8-color has-text-align-center\">Pazartesi-Cumartesi : 08.00\/18.00<br>Pazar: 08.00 \/ 18.00<\/p><\/div>\n<\/div><\/div><\/div>\n\n\n\n<div class=\"wp-block-stackable-column stk-block-column stk-column stk-block stk-8566dbe\" data-v=\"4\" data-block-id=\"8566dbe\"><style>.stk-8566dbe-container{margin-top:0px !important;margin-right:0px !important;margin-bottom:0px !important;margin-left:0px !important;}<\/style><div class=\"stk-column-wrapper stk-block-column__content stk-container stk-8566dbe-container stk--no-background stk--no-padding\"><div class=\"stk-block-content stk-inner-blocks stk-8566dbe-inner-blocks\">\n<div class=\"wp-block-stackable-icon stk-block-icon has-text-align-center stk-block stk-82e7d75\" data-block-id=\"82e7d75\"><style>.stk-82e7d75 {margin-bottom:25px !important;}.stk-82e7d75 .stk--svg-wrapper .stk--inner-svg svg:last-child{height:35px !important;width:35px !important;}.stk-82e7d75 .stk--svg-wrapper .stk--inner-svg svg:last-child, .stk-82e7d75 .stk--svg-wrapper .stk--inner-svg svg:last-child :is(g, path, rect, polygon, ellipse){fill:var(--theme-palette-color-1, #a0876e) !important;}<\/style><span class=\"stk--svg-wrapper\"><div class=\"stk--inner-svg\"><svg style=\"height:0;width:0\"><defs><linearGradient id=\"linear-gradient-82e7d75\" x1=\"0\" x2=\"100%\" y1=\"0\" y2=\"0\"><stop offset=\"0%\" style=\"stop-opacity:1;stop-color:var(--linear-gradient-82-e-7-d-75-color-1)\"><\/stop><stop offset=\"100%\" style=\"stop-opacity:1;stop-color:var(--linear-gradient-82-e-7-d-75-color-2)\"><\/stop><\/linearGradient><\/defs><\/svg><svg data-prefix=\"fas\" data-icon=\"phone-alt\" class=\"svg-inline--fa fa-phone-alt fa-w-16\" xmlns=\"http:\/\/www.w3.org\/2000\/svg\" viewBox=\"0 0 512 512\" aria-hidden=\"true\" width=\"32\" height=\"32\"><path fill=\"currentColor\" d=\"M497.39 361.8l-112-48a24 24 0 0 0-28 6.9l-49.6 60.6A370.66 370.66 0 0 1 130.6 204.11l60.6-49.6a23.94 23.94 0 0 0 6.9-28l-48-112A24.16 24.16 0 0 0 122.6.61l-104 24A24 24 0 0 0 0 48c0 256.5 207.9 464 464 464a24 24 0 0 0 23.4-18.6l24-104a24.29 24.29 0 0 0-14.01-27.6z\"><\/path><\/svg><\/div><\/span><\/div>\n\n\n\n<div class=\"wp-block-stackable-heading stk-block-heading stk-block-heading--v2 stk-block stk-69d1023\" id=\"telefon\" data-block-id=\"69d1023\"><style>.stk-69d1023 {margin-bottom:15px !important;}.stk-69d1023 .stk-block-heading__text{color:var(--theme-palette-color-8, #ffffff) !important;}<\/style><h5 class=\"stk-block-heading__text has-text-color has-palette-color-8-color has-text-align-center\">Telefon<\/h5><\/div>\n\n\n\n<div class=\"wp-block-stackable-text stk-block-text stk-block stk-877bf6e\" data-block-id=\"877bf6e\"><style>.stk-877bf6e {opacity:0.8 !important;}.stk-877bf6e .stk-block-text__text{color:var(--theme-palette-color-8, #ffffff) !important;}<\/style><p class=\"stk-block-text__text has-text-color has-palette-color-8-color has-text-align-center\">0542 795 34 79<\/p><\/div>\n<\/div><\/div><\/div>\n<\/div><\/div>\n<\/div><\/div><\/div>\n<\/div><\/div>\n\n\n\n<div class=\"wp-block-stackable-spacer stk-block-spacer stk--no-padding stk-block stk-79968d0\" data-block-id=\"79968d0\"><style>.stk-79968d0 {height:50px !important;}@media screen and (max-width:999px){.stk-79968d0 {height:70px !important;}}<\/style><\/div>\n\n\n\n<div class=\"wp-block-stackable-columns stk-block-columns stk-block stk-064ed07\" data-block-id=\"064ed07\"><style>.stk-064ed07 {margin-bottom:0px !important;}.stk-064ed07-column{--stk-column-gap:80px !important;}<\/style><div class=\"stk-row stk-inner-blocks stk-block-content stk-content-align stk-064ed07-column\">\n<div class=\"wp-block-stackable-column stk-block-column stk-column stk-block stk-59ba245\" data-v=\"4\" data-block-id=\"59ba245\"><style>.stk-59ba245-container{margin-top:0px !important;margin-right:0px !important;margin-bottom:0px !important;margin-left:0px !important;}<\/style><div class=\"stk-column-wrapper stk-block-column__content stk-container stk-59ba245-container stk--no-background stk--no-padding\"><div class=\"stk-block-content stk-inner-blocks stk-59ba245-inner-blocks\">\n<div class=\"wp-block-stackable-map stk-block-map stk-block stk-8681cb5\" data-block-id=\"8681cb5\"><style>.stk-8681cb5 .stk-block-map__canvas, .stk-8681cb5 iframe{height:670px !important;}<\/style><iframe\n\t\t\t\t\t\ttitle=\"Embedded content from Google Maps Platform.\"\n\t\t\t\t\t\tsrc=\"https:\/\/maps.google.com\/maps?q=\u0130vedik Organize Sanayi 1470 Sok No :124 yenimahalle \/ankara&#038;t=&#038;z=12&#038;ie=UTF8&#038;output=embed\"\n\t\t\t\t\t\tstyle=\"border:0;width:100%;max-width:none;max-height:none;height:100%;\"\n\t\t\t\t\t\taria-hidden=\"false\"\n\t\t\t\t\t\ttabIndex=\"0\"\n\t\t\t\t\t\tallowfullscreen\n\t\t\t\t\t\tloading=\"lazy\"\n\t\t\t\t\t\tframeBorder=\"0\"\n\t\t\t\t\t><\/iframe><\/div>\n<\/div><\/div><\/div>\n<\/div><\/div>\n\n\n\n<div class=\"wp-block-stackable-spacer stk-block-spacer stk--no-padding stk-block stk-514ee11\" data-block-id=\"514ee11\"><style>.stk-514ee11 {height:67px !important;}@media screen and (max-width:999px){.stk-514ee11 {height:120px !important;}}<\/style><\/div>\n\n\n\n<div class=\"wp-block-stackable-spacer stk-block-spacer stk--no-padding stk-block stk-af488a7\" data-block-id=\"af488a7\"><style>.stk-af488a7 {height:130px !important;}@media screen and (max-width:999px){.stk-af488a7 {height:70px !important;}}<\/style><\/div>\n","protected":false},"excerpt":{"rendered":"<p>\u0130LET\u0130\u015e\u0130M Hemen bize ula\u015f\u0131n ! Adres \u0130vedik Organize Sanayi 1470 Sok No :124 Yenimahalle \/Ankara E-mail ahmetbulbul972@gmail.com \u00c7al\u0131\u015fma Saatleri Pazartesi-Cumartesi : 08.00\/18.00Pazar: 08.00 \/ 18.00 Telefon 0542 795 34 79<\/p>\n","protected":false},"author":1,"featured_media":0,"parent":0,"menu_order":0,"comment_status":"closed","ping_status":"closed","template":"","meta":{"footnotes":""},"class_list":["post-15","page","type-page","status-publish","hentry"],"blocksy_meta":{"styles_descriptor":{"styles":{"desktop":"","tablet":"","mobile":""},"google_fonts":[],"version":6},"page_title_panel":"","has_hero_section":"disabled","7391a1d3e357e4f0bd03c5faa422ad28":"","hero_section":"type-1","hero_elements":[{"id":"custom_title","enabled":true,"heading_tag":"h1","title":"Home"},{"id":"custom_description","enabled":true,"description_visibility":{"desktop":true,"tablet":true,"mobile":false}},{"id":"custom_meta","enabled":false,"meta_elements":[{"id":"author","enabled":true,"label":"By","has_author_avatar":"yes","avatar_size":25},{"id":"post_date","enabled":true,"label":"On","date_format_source":"default","date_format":"M j, Y"},{"id":"updated_date","enabled":false,"label":"On","date_format_source":"default","date_format":"M j, Y"},{"id":"categories","enabled":false,"label":"In","style":"simple"},{"id":"comments","enabled":true}],"page_meta_elements":{"joined":true,"articles_count":true,"comments":true}},{"id":"breadcrumbs","enabled":false}],"05f4628ce34496178165998948b802af":"","hero_alignment1":"CT_CSS_SKIP_RULE","hero_margin":40,"hero_alignment2":"center","hero_vertical_alignment":"center","b64ed8777c41814dd77e4bb64152c0d1":"","hero_structure":"narrow","4b63703a2ea47094c3fdf59c38b53f57":"","page_title_bg_type":"featured_image","custom_hero_background":{"attachment_id":null},"parallax":{"desktop":false,"tablet":false,"mobile":false},"a41ad98dc092747b7d8aeec53c46aa4f":"","hero_height":"250px","pageTitleFont":{"family":"Default","variation":"Default","size":{"desktop":"32px","tablet":"30px","mobile":"25px"},"line-height":"CT_CSS_SKIP_RULE","letter-spacing":"CT_CSS_SKIP_RULE","text-transform":"CT_CSS_SKIP_RULE","text-decoration":"CT_CSS_SKIP_RULE"},"pageTitleFontColor":{"default":{"color":"CT_CSS_SKIP_RULEDEFAULT"}},"pageMetaFont":{"family":"Default","variation":"n6","size":"12px","line-height":"1.3","letter-spacing":"CT_CSS_SKIP_RULE","text-transform":"uppercase","text-decoration":"CT_CSS_SKIP_RULE"},"pageMetaFontColor":{"default":{"color":"CT_CSS_SKIP_RULEDEFAULT"},"hover":{"color":"CT_CSS_SKIP_RULEDEFAULT"}},"page_meta_button_type_font_colors":{"default":{"color":"CT_CSS_SKIP_RULEDEFAULT"},"hover":{"color":"CT_CSS_SKIP_RULEDEFAULT"}},"page_meta_button_type_background_colors":{"default":{"color":"CT_CSS_SKIP_RULEDEFAULT"},"hover":{"color":"CT_CSS_SKIP_RULEDEFAULT"}},"pageExcerptFont":{"family":"Default","variation":"Default","size":"CT_CSS_SKIP_RULE","line-height":"CT_CSS_SKIP_RULE","letter-spacing":"CT_CSS_SKIP_RULE","text-transform":"CT_CSS_SKIP_RULE","text-decoration":"CT_CSS_SKIP_RULE"},"pageExcerptColor":{"default":{"color":"CT_CSS_SKIP_RULEDEFAULT"}},"breadcrumbsFont":{"family":"Default","variation":"Default","size":"CT_CSS_SKIP_RULE","line-height":"CT_CSS_SKIP_RULE","letter-spacing":"CT_CSS_SKIP_RULE","text-transform":"CT_CSS_SKIP_RULE","text-decoration":"CT_CSS_SKIP_RULE"},"breadcrumbsFontColor":{"default":{"color":"CT_CSS_SKIP_RULEDEFAULT"},"initial":{"color":"CT_CSS_SKIP_RULEDEFAULT"},"hover":{"color":"CT_CSS_SKIP_RULEDEFAULT"}},"pageTitleOverlay":{"background_type":"color","background_pattern":"type-1","background_image":{"attachment_id":null,"x":0,"y":0},"gradient":"linear-gradient(135deg,rgba(6,147,227,1) 0%,rgb(155,81,224) 100%)","background_repeat":"repeat","background_size":"auto","background_attachment":"scroll","patternColor":{"default":{"color":"#e5e7ea"}},"overlayColor":{"default":{"color":"CT_CSS_SKIP_RULE"}},"backgroundColor":{"default":{"color":"CT_CSS_SKIP_RULE"}}},"pageTitleBackground":{"background_type":"color","background_pattern":"type-1","background_image":{"attachment_id":null,"x":0,"y":0},"gradient":"linear-gradient(135deg,rgba(6,147,227,1) 0%,rgb(155,81,224) 100%)","background_repeat":"repeat","background_size":"auto","background_attachment":"scroll","patternColor":{"default":{"color":"#e5e7ea"}},"overlayColor":{"default":{"color":"CT_CSS_SKIP_RULE"}},"backgroundColor":{"default":{"color":"var(--theme-palette-color-6)"}}},"pageTitlePadding":{"top":"50px","bottom":"50px","left":"auto","right":"auto","linked":true},"872e8daffc25e6112df3e2edceb6a397":"","page_structure_type":"default","7a6ff20985108b9f84e5daf4b1312959":"","content_style_source":"inherit","content_style":"wide","vertical_spacing_source":"custom","content_area_spacing":"none","background":{"background_type":"color","background_pattern":"type-1","background_image":{"attachment_id":null,"x":0,"y":0},"gradient":"linear-gradient(135deg,rgba(6,147,227,1) 0%,rgb(155,81,224) 100%)","background_repeat":"repeat","background_size":"auto","background_attachment":"scroll","patternColor":{"default":{"color":"#e5e7ea"}},"overlayColor":{"default":{"color":"CT_CSS_SKIP_RULE"}},"backgroundColor":{"default":{"color":"CT_CSS_SKIP_RULE"}}},"content_background":{"background_type":"color","background_pattern":"type-1","background_image":{"attachment_id":null,"x":0,"y":0},"gradient":"linear-gradient(135deg,rgba(6,147,227,1) 0%,rgb(155,81,224) 100%)","background_repeat":"repeat","background_size":"auto","background_attachment":"scroll","patternColor":{"default":{"color":"#e5e7ea"}},"overlayColor":{"default":{"color":"CT_CSS_SKIP_RULE"}},"backgroundColor":{"default":{"color":"var(--theme-palette-color-8)"}}},"content_boxed_shadow":{"inherit":false,"blur":18,"spread":-6,"v_offset":12,"h_offset":0,"inset":false,"enable":true,"color":{"color":"rgba(34, 56, 101, 0.04)"}},"boxed_content_spacing":{"desktop":{"top":"40px","bottom":"40px","left":"40px","right":"40px","linked":true},"tablet":{"top":"35px","bottom":"35px","left":"35px","right":"35px","linked":true},"mobile":{"top":"20px","bottom":"20px","left":"20px","right":"20px","linked":true}},"content_boxed_radius":{"top":"3px","bottom":"3px","left":"3px","right":"3px","linked":true},"eac2a5724c2572e63ee4054c11819e84":"","disable_featured_image":"no","disable_header":"no","disable_footer":"no"},"_links":{"self":[{"href":"https:\/\/ankarabulbulyapi.com.tr\/index.php\/wp-json\/wp\/v2\/pages\/15","targetHints":{"allow":["GET"]}}],"collection":[{"href":"https:\/\/ankarabulbulyapi.com.tr\/index.php\/wp-json\/wp\/v2\/pages"}],"about":[{"href":"https:\/\/ankarabulbulyapi.com.tr\/index.php\/wp-json\/wp\/v2\/types\/page"}],"author":[{"embeddable":true,"href":"https:\/\/ankarabulbulyapi.com.tr\/index.php\/wp-json\/wp\/v2\/users\/1"}],"replies":[{"embeddable":true,"href":"https:\/\/ankarabulbulyapi.com.tr\/index.php\/wp-json\/wp\/v2\/comments?post=15"}],"version-history":[{"count":5,"href":"https:\/\/ankarabulbulyapi.com.tr\/index.php\/wp-json\/wp\/v2\/pages\/15\/revisions"}],"predecessor-version":[{"id":959,"href":"https:\/\/ankarabulbulyapi.com.tr\/index.php\/wp-json\/wp\/v2\/pages\/15\/revisions\/959"}],"wp:attachment":[{"href":"https:\/\/ankarabulbulyapi.com.tr\/index.php\/wp-json\/wp\/v2\/media?parent=15"}],"curies":[{"name":"wp","href":"https:\/\/api.w.org\/{rel}","templated":true}]}}