{"id":9,"date":"2021-10-14T12:12:11","date_gmt":"2021-10-14T12:12:11","guid":{"rendered":"https:\/\/startersites.io\/blocksy\/justice\/?page_id=9"},"modified":"2025-06-30T16:08:04","modified_gmt":"2025-06-30T16:08:04","slug":"services","status":"publish","type":"page","link":"https:\/\/ankarabulbulyapi.com.tr\/index.php\/services\/","title":{"rendered":"KONTEYNERLER"},"content":{"rendered":"\n<div class=\"wp-block-stackable-columns alignfull stk-block-columns stk-block stk-e914e35 stk-block-background stk--has-background-overlay\" data-block-id=\"e914e35\"><style>.stk-e914e35 {background-color:#0a0806 !important;background-image:url(https:\/\/ankarabulbulyapi.com.tr\/wp-content\/uploads\/2025\/06\/WhatsApp-Image-2025-06-05-at-22.59.02-scaled.jpeg) !important;padding-top:250px !important;padding-bottom:200px !important;margin-bottom:0px !important;}.stk-e914e35:before{background-color:#0a0806 !important;opacity:0.8 !important;}@media screen and (max-width:999px){.stk-e914e35 {padding-top:200px !important;padding-bottom:100px !important;}}<\/style><div class=\"stk-row stk-inner-blocks stk-block-content stk-content-align stk-e914e35-column\">\n<div class=\"wp-block-stackable-column stk-block-column stk-column stk-block stk-26cc431\" data-v=\"4\" data-block-id=\"26cc431\"><div class=\"stk-column-wrapper stk-block-column__content stk-container stk-26cc431-container stk--no-background stk--no-padding\"><div class=\"stk-block-content stk-inner-blocks stk-26cc431-inner-blocks\">\n<div class=\"wp-block-stackable-heading stk-block-heading stk-block-heading--v2 stk-block stk-951ebdb\" id=\"konteynerler\" data-block-id=\"951ebdb\"><style>.stk-951ebdb {margin-bottom:15px !important;}.stk-951ebdb .stk-block-heading__text{font-size:76px !important;color:var(--theme-palette-color-8, #ffffff) !important;}@media screen and (max-width:999px){.stk-951ebdb .stk-block-heading__text{font-size:50px !important;}}<\/style><h2 class=\"stk-block-heading__text has-text-color has-palette-color-8-color has-text-align-center stk-block-heading--use-theme-margins\">KONTEYNERLER<\/h2><\/div>\n\n\n\n<div class=\"wp-block-stackable-text stk-block-text stk-block stk-8d40844\" data-block-id=\"8d40844\"><style>.stk-8d40844 .stk-block-text__text{font-size:40px !important;color:var(--theme-palette-color-8, #ffffff) !important;}@media screen and (max-width:999px){.stk-8d40844 .stk-block-text__text{font-size:40px !important;}}<\/style><p class=\"stk-block-text__text has-text-color has-palette-color-8-color has-text-align-center\">\u00dcr\u00fcnlerimizi g\u00f6rsellerden inceleyebilirsiniz ..<\/p><\/div>\n<\/div><\/div><\/div>\n<\/div><\/div>\n\n\n\n[ngg src=&#8221;galleries&#8221; ids=&#8221;1&#8243; sortorder=&#8221;26,18,19,20,21,22,23,24,25,17,27,28,29,30,31,32,33,1,16,15,14,13,12,11,10,9,8,7,6,5,4,3,2&#8243; display=&#8221;basic_thumbnail&#8221; thumbnail_crop=&#8221;0&#8243; images_per_page=&#8221;20&#8243; maximum_entity_count=&#8221;500&#8243;]\n\n\n\n<p><\/p>\n","protected":false},"excerpt":{"rendered":"<p>KONTEYNERLER \u00dcr\u00fcnlerimizi g\u00f6rsellerden inceleyebilirsiniz ..<\/p>\n","protected":false},"author":1,"featured_media":0,"parent":0,"menu_order":0,"comment_status":"closed","ping_status":"closed","template":"","meta":{"footnotes":""},"class_list":["post-9","page","type-page","status-publish","hentry"],"blocksy_meta":{"styles_descriptor":{"styles":{"desktop":"","tablet":"","mobile":""},"google_fonts":[],"version":6},"page_title_panel":"","has_hero_section":"disabled","c72b73e8059b0c26a04e780d384d0add":"","hero_section":"type-1","hero_elements":[{"id":"custom_title","enabled":true,"heading_tag":"h1","title":"Home"},{"id":"custom_description","enabled":true,"description_visibility":{"desktop":true,"tablet":true,"mobile":false}},{"id":"custom_meta","enabled":false,"meta_elements":[{"id":"author","enabled":true,"label":"By","has_author_avatar":"yes","avatar_size":25},{"id":"post_date","enabled":true,"label":"On","date_format_source":"default","date_format":"M j, Y"},{"id":"updated_date","enabled":false,"label":"On","date_format_source":"default","date_format":"M j, Y"},{"id":"categories","enabled":false,"label":"In","style":"simple"},{"id":"comments","enabled":true}],"page_meta_elements":{"joined":true,"articles_count":true,"comments":true}},{"id":"breadcrumbs","enabled":false}],"fa0b5608c00ddba73558e2a6569cb3a4":"","hero_alignment1":"CT_CSS_SKIP_RULE","hero_margin":40,"hero_alignment2":"center","hero_vertical_alignment":"center","44e7f17b177319be0fd8e74c10b32db2":"","hero_structure":"narrow","6d9e607056faab1d25af7c05838506e2":"","page_title_bg_type":"featured_image","custom_hero_background":{"attachment_id":null},"parallax":{"desktop":false,"tablet":false,"mobile":false},"962b5eea37900bba1296d95815fd96b6":"","hero_height":"250px","pageTitleFont":{"family":"Default","variation":"Default","size":"30px","line-height":"CT_CSS_SKIP_RULE","letter-spacing":"CT_CSS_SKIP_RULE","text-transform":"CT_CSS_SKIP_RULE","text-decoration":"CT_CSS_SKIP_RULE"},"pageTitleFontColor":{"default":{"color":"CT_CSS_SKIP_RULEDEFAULT"}},"pageMetaFont":{"family":"Default","variation":"n6","size":"12px","line-height":"1.3","letter-spacing":"CT_CSS_SKIP_RULE","text-transform":"uppercase","text-decoration":"CT_CSS_SKIP_RULE"},"pageMetaFontColor":{"default":{"color":"CT_CSS_SKIP_RULEDEFAULT"},"hover":{"color":"CT_CSS_SKIP_RULEDEFAULT"}},"page_meta_button_type_font_colors":{"default":{"color":"CT_CSS_SKIP_RULEDEFAULT"},"hover":{"color":"CT_CSS_SKIP_RULEDEFAULT"}},"page_meta_button_type_background_colors":{"default":{"color":"CT_CSS_SKIP_RULEDEFAULT"},"hover":{"color":"CT_CSS_SKIP_RULEDEFAULT"}},"pageExcerptFont":{"family":"Default","variation":"Default","size":"CT_CSS_SKIP_RULE","line-height":"CT_CSS_SKIP_RULE","letter-spacing":"CT_CSS_SKIP_RULE","text-transform":"CT_CSS_SKIP_RULE","text-decoration":"CT_CSS_SKIP_RULE"},"pageExcerptColor":{"default":{"color":"CT_CSS_SKIP_RULEDEFAULT"}},"breadcrumbsFont":{"family":"Default","variation":"Default","size":"CT_CSS_SKIP_RULE","line-height":"CT_CSS_SKIP_RULE","letter-spacing":"CT_CSS_SKIP_RULE","text-transform":"CT_CSS_SKIP_RULE","text-decoration":"CT_CSS_SKIP_RULE"},"breadcrumbsFontColor":{"default":{"color":"CT_CSS_SKIP_RULEDEFAULT"},"initial":{"color":"CT_CSS_SKIP_RULEDEFAULT"},"hover":{"color":"CT_CSS_SKIP_RULEDEFAULT"}},"pageTitleOverlay":{"background_type":"color","background_pattern":"type-1","background_image":{"attachment_id":null,"x":0,"y":0},"gradient":"linear-gradient(135deg,rgba(6,147,227,1) 0%,rgb(155,81,224) 100%)","background_repeat":"repeat","background_size":"auto","background_attachment":"scroll","patternColor":{"default":{"color":"#e5e7ea"}},"overlayColor":{"default":{"color":"CT_CSS_SKIP_RULE"}},"backgroundColor":{"default":{"color":"CT_CSS_SKIP_RULE"}}},"pageTitleBackground":{"background_type":"color","background_pattern":"type-1","background_image":{"attachment_id":null,"x":0,"y":0},"gradient":"linear-gradient(135deg,rgba(6,147,227,1) 0%,rgb(155,81,224) 100%)","background_repeat":"repeat","background_size":"auto","background_attachment":"scroll","patternColor":{"default":{"color":"#e5e7ea"}},"overlayColor":{"default":{"color":"CT_CSS_SKIP_RULE"}},"backgroundColor":{"default":{"color":"var(--theme-palette-color-6)"}}},"pageTitlePadding":{"top":"50px","bottom":"50px","left":"auto","right":"auto","linked":true},"3b880ecfc19b67934c2fe2c27b4c8aef":"","page_structure_type":"default","7a7ffb0cb2e2ee21ba376808c792cd81":"","content_style_source":"inherit","content_style":"wide","vertical_spacing_source":"custom","content_area_spacing":"none","background":{"background_type":"color","background_pattern":"type-1","background_image":{"attachment_id":null,"x":0,"y":0},"gradient":"linear-gradient(135deg,rgba(6,147,227,1) 0%,rgb(155,81,224) 100%)","background_repeat":"repeat","background_size":"auto","background_attachment":"scroll","patternColor":{"default":{"color":"#e5e7ea"}},"overlayColor":{"default":{"color":"CT_CSS_SKIP_RULE"}},"backgroundColor":{"default":{"color":"CT_CSS_SKIP_RULE"}}},"content_background":{"background_type":"color","background_pattern":"type-1","background_image":{"attachment_id":null,"x":0,"y":0},"gradient":"linear-gradient(135deg,rgba(6,147,227,1) 0%,rgb(155,81,224) 100%)","background_repeat":"repeat","background_size":"auto","background_attachment":"scroll","patternColor":{"default":{"color":"#e5e7ea"}},"overlayColor":{"default":{"color":"CT_CSS_SKIP_RULE"}},"backgroundColor":{"default":{"color":"var(--theme-palette-color-8)"}}},"content_boxed_shadow":{"inherit":false,"blur":18,"spread":-6,"v_offset":12,"h_offset":0,"inset":false,"enable":true,"color":{"color":"rgba(34, 56, 101, 0.04)"}},"boxed_content_spacing":{"desktop":{"top":"40px","bottom":"40px","left":"40px","right":"40px","linked":true},"tablet":{"top":"35px","bottom":"35px","left":"35px","right":"35px","linked":true},"mobile":{"top":"20px","bottom":"20px","left":"20px","right":"20px","linked":true}},"content_boxed_radius":{"top":"3px","bottom":"3px","left":"3px","right":"3px","linked":true},"c03ed4eb6df91e6078647a6ad50df7d8":"","disable_featured_image":"no","disable_header":"no","disable_footer":"no"},"_links":{"self":[{"href":"https:\/\/ankarabulbulyapi.com.tr\/index.php\/wp-json\/wp\/v2\/pages\/9","targetHints":{"allow":["GET"]}}],"collection":[{"href":"https:\/\/ankarabulbulyapi.com.tr\/index.php\/wp-json\/wp\/v2\/pages"}],"about":[{"href":"https:\/\/ankarabulbulyapi.com.tr\/index.php\/wp-json\/wp\/v2\/types\/page"}],"author":[{"embeddable":true,"href":"https:\/\/ankarabulbulyapi.com.tr\/index.php\/wp-json\/wp\/v2\/users\/1"}],"replies":[{"embeddable":true,"href":"https:\/\/ankarabulbulyapi.com.tr\/index.php\/wp-json\/wp\/v2\/comments?post=9"}],"version-history":[{"count":13,"href":"https:\/\/ankarabulbulyapi.com.tr\/index.php\/wp-json\/wp\/v2\/pages\/9\/revisions"}],"predecessor-version":[{"id":920,"href":"https:\/\/ankarabulbulyapi.com.tr\/index.php\/wp-json\/wp\/v2\/pages\/9\/revisions\/920"}],"wp:attachment":[{"href":"https:\/\/ankarabulbulyapi.com.tr\/index.php\/wp-json\/wp\/v2\/media?parent=9"}],"curies":[{"name":"wp","href":"https:\/\/api.w.org\/{rel}","templated":true}]}}